{"id":2,"date":"2026-03-06T02:50:37","date_gmt":"2026-03-06T02:50:37","guid":{"rendered":"https:\/\/thgteam.com\/?page_id=2"},"modified":"2026-03-11T04:27:12","modified_gmt":"2026-03-11T04:27:12","slug":"about-us","status":"publish","type":"page","link":"https:\/\/thgteam.com\/?page_id=2","title":{"rendered":"V\u1ec1 ch\u00fang t\u00f4i"},"content":{"rendered":"\n<p class=\"is-style-default has-medium-font-size\">THG Ecommerce l\u00e0 m\u1ed9t trong nh\u1eefng team POD v\u1edbi h\u01a1n 8 n\u0103m trong ng\u00e0nh. Ch\u00fang t\u00f4i lu\u00f4n theo \u0111u\u1ed5i nh\u1eefng s\u1ea3n ph\u1ea9m s\u00e1ng t\u1ea1o, \u0111\u1ed9t ph\u00e1 v\u00e0 \u0111\u1ea7y c\u1ea3m h\u1ee9ng cho kh\u00e1ch h\u00e0ng.<\/p>\n\n\n\n<h2 class=\"wp-block-heading has-text-align-center\">S\u1ee9 m\u1ec7nh<\/h2>\n\n\n\n<div class=\"wp-block-columns are-vertically-aligned-center is-layout-flex wp-container-core-columns-is-layout-9d6595d7 wp-block-columns-is-layout-flex\">\n<div class=\"wp-block-column is-vertically-aligned-center is-layout-flow wp-block-column-is-layout-flow\" style=\"flex-basis:50%\">\n<figure class=\"wp-block-image size-full\"><img loading=\"lazy\" decoding=\"async\" width=\"1024\" height=\"1024\" src=\"https:\/\/thgteam.com\/wp-content\/uploads\/2026\/03\/THG-Product.jpg\" alt=\"\" class=\"wp-image-34\" srcset=\"https:\/\/thgteam.com\/wp-content\/uploads\/2026\/03\/THG-Product.jpg 1024w, https:\/\/thgteam.com\/wp-content\/uploads\/2026\/03\/THG-Product-300x300.jpg 300w, https:\/\/thgteam.com\/wp-content\/uploads\/2026\/03\/THG-Product-150x150.jpg 150w, https:\/\/thgteam.com\/wp-content\/uploads\/2026\/03\/THG-Product-768x768.jpg 768w\" sizes=\"auto, (max-width: 1024px) 100vw, 1024px\" \/><\/figure>\n<\/div>\n\n\n\n<div class=\"wp-block-column is-vertically-aligned-center is-layout-flow wp-block-column-is-layout-flow\" style=\"flex-basis:50%\">\n<blockquote class=\"wp-block-quote is-layout-flow wp-block-quote-is-layout-flow\">\n<p><\/p>\n\n\n\n<p class=\"is-style-default has-medium-font-size\"><em>S\u1ee9 m\u1ec7nh c\u1ee7a THG Ecommerce l\u00e0 mang \u0111\u1ebfn nh\u1eefng s\u1ea3n ph\u1ea9m t\u1ed1t nh\u1ea5t cho kh\u00e1ch h\u00e0ng. Ch\u00fang t\u00f4i tin r\u1eb1ng s\u1ef1 th\u00e0nh c\u00f4ng trong kinh doanh tr\u01b0\u1edbc ti\u00ean ph\u1ea3i \u0111\u1ebfn t\u1eeb nh\u1eefng s\u1ea3n ph\u1ea9m t\u1eed t\u1ebf, ch\u1ec9n chu.<\/em><\/p>\n<\/blockquote>\n<\/div>\n<\/div>\n\n\n\n<h2 class=\"wp-block-heading has-text-align-center is-style-default\">Gi\u00e1 tr\u1ecb c\u1ed1t l\u00f5i<\/h2>\n\n\n\n<div class=\"wp-block-columns are-vertically-aligned-center is-layout-flex wp-container-core-columns-is-layout-9d6595d7 wp-block-columns-is-layout-flex\">\n<div class=\"wp-block-column is-vertically-aligned-center is-layout-flow wp-block-column-is-layout-flow\">\n<blockquote class=\"wp-block-quote is-layout-flow wp-block-quote-is-layout-flow\">\n<p><\/p>\n\n\n\n<p class=\"has-medium-font-size\"><em>T\u1ea1i THG, ch\u00fang t\u00f4i \u0111\u1ec1 cao s\u1ef1 trung th\u1ef1c, t\u00ednh \u0111\u1ed3ng \u0111\u1ed9i v\u00e0 tinh th\u1ea7n d\u1ea5n th\u00e2n v\u00e0o c\u00f4ng vi\u1ec7c. Th\u00f4ng qua \u0111\u00f3, THG \u0111\u00e3 v\u00e0 \u0111ang ph\u1ea5n \u0111\u1ea5u tr\u1edf th\u00e0nh m\u00f4i tr\u01b0\u1eddng l\u00e0nh m\u1ea1nh cho s\u1ef1 ph\u00e1t tri\u1ec3n v\u00e0 th\u00e0nh c\u00f4ng c\u1ee7a m\u1ed7i th\u00e0nh vi\u00ean.<\/em><\/p>\n<\/blockquote>\n<\/div>\n\n\n\n<div class=\"wp-block-column is-vertically-aligned-center is-layout-flow wp-block-column-is-layout-flow\">\n<figure class=\"wp-block-image size-full is-style-default\"><img loading=\"lazy\" decoding=\"async\" width=\"720\" height=\"720\" src=\"https:\/\/thgteam.com\/wp-content\/uploads\/2026\/03\/Background-THG-Team-edited.jpg\" alt=\"\" class=\"wp-image-36\" srcset=\"https:\/\/thgteam.com\/wp-content\/uploads\/2026\/03\/Background-THG-Team-edited.jpg 720w, https:\/\/thgteam.com\/wp-content\/uploads\/2026\/03\/Background-THG-Team-edited-300x300.jpg 300w, https:\/\/thgteam.com\/wp-content\/uploads\/2026\/03\/Background-THG-Team-edited-150x150.jpg 150w\" sizes=\"auto, (max-width: 720px) 100vw, 720px\" \/><\/figure>\n<\/div>\n<\/div>\n\n\n\n<h2 class=\"wp-block-heading has-text-align-center\">Gia nh\u1eadp team THG?<\/h2>\n\n\n\n<p class=\"has-text-align-center\"><a href=\"https:\/\/thgteam.com\/?cat=5\"><em>T\u00ecm hi\u1ec3u c\u00e1c v\u1ecb tr\u00ed \u0111ang tuy\u1ec3n.<\/em><\/a><\/p>\n\n\n\n<p><\/p>\n","protected":false},"excerpt":{"rendered":"<p>THG Ecommerce l\u00e0 m\u1ed9t trong nh\u1eefng team POD v\u1edbi h\u01a1n 8 n\u0103m trong ng\u00e0nh. Ch\u00fang t\u00f4i lu\u00f4n theo \u0111u\u1ed5i nh\u1eefng s\u1ea3n ph\u1ea9m s\u00e1ng t\u1ea1o, \u0111\u1ed9t ph\u00e1 v\u00e0 \u0111\u1ea7y c\u1ea3m h\u1ee9ng cho kh\u00e1ch h\u00e0ng. S\u1ee9 m\u1ec7nh S\u1ee9 m\u1ec7nh c\u1ee7a THG Ecommerce l\u00e0 mang \u0111\u1ebfn nh\u1eefng s\u1ea3n ph\u1ea9m t\u1ed1t nh\u1ea5t cho kh\u00e1ch h\u00e0ng. Ch\u00fang t\u00f4i tin r\u1eb1ng<span class=\"post-excerpt-end\">&hellip;<\/span><\/p>\n<p class=\"more-link\"><a href=\"https:\/\/thgteam.com\/?page_id=2\" class=\"themebutton\">Read More<\/a><\/p>\n","protected":false},"author":1,"featured_media":20,"parent":0,"menu_order":0,"comment_status":"closed","ping_status":"closed","template":"fullwidght","meta":{"footnotes":""},"class_list":["post-2","page","type-page","status-publish","has-post-thumbnail","hentry"],"_links":{"self":[{"href":"https:\/\/thgteam.com\/index.php?rest_route=\/wp\/v2\/pages\/2","targetHints":{"allow":["GET"]}}],"collection":[{"href":"https:\/\/thgteam.com\/index.php?rest_route=\/wp\/v2\/pages"}],"about":[{"href":"https:\/\/thgteam.com\/index.php?rest_route=\/wp\/v2\/types\/page"}],"author":[{"embeddable":true,"href":"https:\/\/thgteam.com\/index.php?rest_route=\/wp\/v2\/users\/1"}],"replies":[{"embeddable":true,"href":"https:\/\/thgteam.com\/index.php?rest_route=%2Fwp%2Fv2%2Fcomments&post=2"}],"version-history":[{"count":8,"href":"https:\/\/thgteam.com\/index.php?rest_route=\/wp\/v2\/pages\/2\/revisions"}],"predecessor-version":[{"id":101,"href":"https:\/\/thgteam.com\/index.php?rest_route=\/wp\/v2\/pages\/2\/revisions\/101"}],"wp:featuredmedia":[{"embeddable":true,"href":"https:\/\/thgteam.com\/index.php?rest_route=\/wp\/v2\/media\/20"}],"wp:attachment":[{"href":"https:\/\/thgteam.com\/index.php?rest_route=%2Fwp%2Fv2%2Fmedia&parent=2"}],"curies":[{"name":"wp","href":"https:\/\/api.w.org\/{rel}","templated":true}]}}