{"id":39,"date":"2026-03-11T02:31:22","date_gmt":"2026-03-11T02:31:22","guid":{"rendered":"https:\/\/thgteam.com\/?page_id=39"},"modified":"2026-03-11T04:34:12","modified_gmt":"2026-03-11T04:34:12","slug":"hoat-dong-thg","status":"publish","type":"page","link":"https:\/\/thgteam.com\/?page_id=39","title":{"rendered":"Ho\u1ea1t \u0111\u1ed9ng THG"},"content":{"rendered":"\n<div class=\"wp-block-cover alignfull has-custom-content-position is-position-bottom-center\" style=\"margin-top:0;margin-bottom:0;padding-top:var(--wp--preset--spacing--50);padding-right:var(--wp--preset--spacing--50);padding-bottom:var(--wp--preset--spacing--50);padding-left:var(--wp--preset--spacing--50);min-height:840px;aspect-ratio:unset;\"><img loading=\"lazy\" decoding=\"async\" width=\"1024\" height=\"768\" class=\"wp-block-cover__image-background wp-image-40 size-large\" alt=\"\" src=\"https:\/\/thgteam.com\/wp-content\/uploads\/2026\/03\/Qua-tet-1024x768.jpg\" data-object-fit=\"cover\" srcset=\"https:\/\/thgteam.com\/wp-content\/uploads\/2026\/03\/Qua-tet-1024x768.jpg 1024w, https:\/\/thgteam.com\/wp-content\/uploads\/2026\/03\/Qua-tet-300x225.jpg 300w, https:\/\/thgteam.com\/wp-content\/uploads\/2026\/03\/Qua-tet-768x576.jpg 768w, https:\/\/thgteam.com\/wp-content\/uploads\/2026\/03\/Qua-tet-1536x1152.jpg 1536w, https:\/\/thgteam.com\/wp-content\/uploads\/2026\/03\/Qua-tet.jpg 2048w\" sizes=\"auto, (max-width: 1024px) 100vw, 1024px\" \/><span aria-hidden=\"true\" class=\"wp-block-cover__background has-background-dim-10 has-background-dim\"><\/span><div class=\"wp-block-cover__inner-container is-layout-constrained wp-container-core-cover-is-layout-9cf8f26d wp-block-cover-is-layout-constrained\">\n<div class=\"wp-block-group alignwide is-content-justification-left\"><div class=\"wp-block-group__inner-container is-layout-constrained wp-container-core-group-is-layout-8c890d92 wp-block-group-is-layout-constrained\">\n<h2 class=\"wp-block-heading has-text-align-left has-xx-large-font-size\">T\u1ebft 2025<\/h2>\n\n\n\n<p>T\u1ea5t ni\u00ean team &#8211; T\u1ed5ng k\u1ebft m\u1ed9t h\u00e0nh tr\u00ecnh.<\/p>\n\n\n\n<div class=\"wp-block-buttons is-layout-flex wp-block-buttons-is-layout-flex\">\n<div class=\"wp-block-button\"><a class=\"wp-block-button__link wp-element-button\">Xem th\u00eam<\/a><\/div>\n<\/div>\n<\/div><\/div>\n<\/div><\/div>\n\n\n\n<div class=\"wp-block-group alignfull is-style-section-5\" style=\"margin-top:0;margin-bottom:0;padding-top:var(--wp--preset--spacing--50);padding-bottom:var(--wp--preset--spacing--50)\"><div class=\"wp-block-group__inner-container is-layout-constrained wp-block-group-is-layout-constrained\">\n<div class=\"wp-block-columns alignwide is-layout-flex wp-container-core-columns-is-layout-a2d7b65f wp-block-columns-is-layout-flex\">\n<div class=\"wp-block-column is-vertically-aligned-center is-layout-flow wp-block-column-is-layout-flow\" style=\"flex-basis:50%\">\n<h2 class=\"wp-block-heading\">Sinh nh\u1eadt th\u00e0nh vi\u00ean <\/h2>\n\n\n\n<p class=\"has-medium-font-size\">M\u1ed7i b\u1ee9c \u1ea3nh trong gallery n\u00e0y l\u00e0 m\u1ed9t kho\u1ea3nh kh\u1eafc nh\u1ecf nh\u01b0ng \u0111\u1ea7y \u00fd ngh\u0129a c\u1ee7a \u0111\u1ea1i gia \u0111\u00ecnh THG. \u0110\u00e2y kh\u00f4ng ch\u1ec9 l\u00e0 d\u1ecbp \u0111\u1ec3 c\u00f9ng nhau ch\u00fac m\u1eebng tu\u1ed5i m\u1edbi, m\u00e0 c\u00f2n l\u00e0 c\u01a1 h\u1ed9i \u0111\u1ec3 l\u01b0u gi\u1eef nh\u1eefng n\u1ee5 c\u01b0\u1eddi, s\u1ef1 g\u1eafn k\u1ebft v\u00e0 nh\u1eefng k\u1ef7 ni\u1ec7m \u0111\u1eb9p trong h\u00e0nh tr\u00ecnh \u0111\u1ed3ng h\u00e0nh c\u00f9ng nhau. Hy v\u1ecdng gallery sinh nh\u1eadt s\u1ebd l\u00e0 n\u01a1i l\u01b0u l\u1ea1i th\u1eadt nhi\u1ec1u kho\u1ea3nh kh\u1eafc \u1ea5m \u00e1p, vui v\u1ebb v\u00e0 \u0111\u00e1ng nh\u1edb c\u1ee7a c\u00e1c th\u00e0nh vi\u00ean THG.<\/p>\n\n\n\n<div class=\"wp-block-buttons is-layout-flex wp-block-buttons-is-layout-flex\">\n<div class=\"wp-block-button\"><a class=\"wp-block-button__link wp-element-button\">Xem th\u00eam<\/a><\/div>\n<\/div>\n<\/div>\n\n\n\n<div class=\"wp-block-column is-vertically-aligned-center is-layout-flow wp-block-column-is-layout-flow\" style=\"flex-basis:50%\">\n<figure class=\"wp-block-image size-full\"><img loading=\"lazy\" decoding=\"async\" width=\"1152\" height=\"1536\" src=\"https:\/\/thgteam.com\/wp-content\/uploads\/2026\/03\/Sinh-nhat-1-edited.jpg\" alt=\"\" class=\"wp-image-42\" style=\"aspect-ratio:1;object-fit:cover\" srcset=\"https:\/\/thgteam.com\/wp-content\/uploads\/2026\/03\/Sinh-nhat-1-edited.jpg 1152w, https:\/\/thgteam.com\/wp-content\/uploads\/2026\/03\/Sinh-nhat-1-edited-225x300.jpg 225w, https:\/\/thgteam.com\/wp-content\/uploads\/2026\/03\/Sinh-nhat-1-edited-768x1024.jpg 768w\" sizes=\"auto, (max-width: 1152px) 100vw, 1152px\" \/><\/figure>\n<\/div>\n<\/div>\n<\/div><\/div>\n\n\n\n<div class=\"wp-block-group alignfull\" style=\"margin-top:0;margin-bottom:0\"><div class=\"wp-block-group__inner-container is-layout-constrained wp-block-group-is-layout-constrained\">\n<div class=\"wp-block-group alignwide is-content-justification-left is-nowrap is-layout-flex wp-container-core-group-is-layout-26347bd4 wp-block-group-is-layout-flex\" style=\"padding-top:var(--wp--preset--spacing--50);padding-bottom:var(--wp--preset--spacing--50)\">\n<div class=\"wp-block-group is-vertical is-content-justification-stretch is-nowrap is-layout-flex wp-container-core-group-is-layout-0fd27360 wp-block-group-is-layout-flex\">\n<div class=\"wp-block-group is-vertical is-content-justification-left is-layout-flex wp-container-core-group-is-layout-c0ca7d81 wp-block-group-is-layout-flex\">\n<div class=\"wp-block-columns is-layout-flex wp-container-core-columns-is-layout-9d6595d7 wp-block-columns-is-layout-flex\">\n<div class=\"wp-block-column is-layout-flow wp-block-column-is-layout-flow\">\n<div class=\"wp-block-columns is-layout-flex wp-container-core-columns-is-layout-9d6595d7 wp-block-columns-is-layout-flex\">\n<div class=\"wp-block-column is-layout-flow wp-block-column-is-layout-flow\">\n<figure class=\"wp-block-image size-large\"><img loading=\"lazy\" decoding=\"async\" width=\"737\" height=\"1024\" src=\"https:\/\/thgteam.com\/wp-content\/uploads\/2026\/03\/THG-Team-1-737x1024.jpg\" alt=\"\" class=\"wp-image-43\" srcset=\"https:\/\/thgteam.com\/wp-content\/uploads\/2026\/03\/THG-Team-1-737x1024.jpg 737w, https:\/\/thgteam.com\/wp-content\/uploads\/2026\/03\/THG-Team-1-216x300.jpg 216w, https:\/\/thgteam.com\/wp-content\/uploads\/2026\/03\/THG-Team-1-768x1067.jpg 768w, https:\/\/thgteam.com\/wp-content\/uploads\/2026\/03\/THG-Team-1-1106x1536.jpg 1106w, https:\/\/thgteam.com\/wp-content\/uploads\/2026\/03\/THG-Team-1.jpg 1474w\" sizes=\"auto, (max-width: 737px) 100vw, 737px\" \/><\/figure>\n<\/div>\n<\/div>\n<\/div>\n\n\n\n<div class=\"wp-block-column is-layout-flow wp-block-column-is-layout-flow\">\n<div class=\"wp-block-group is-vertical is-content-justification-left is-layout-flex wp-container-core-group-is-layout-c0ca7d81 wp-block-group-is-layout-flex\">\n<h2 class=\"wp-block-heading\">Cafe team<\/h2>\n\n\n\n<p class=\"has-medium-font-size\">Nh\u1eefng kho\u1ea3nh kh\u1eafc g\u1eb7p g\u1ee1 gi\u1ea3n d\u1ecb nh\u01b0ng \u0111\u1ea7y n\u0103ng l\u01b0\u1ee3ng c\u1ee7a team THG b\u00ean nh\u1eefng bu\u1ed5i caf\u00e9 c\u00f9ng nhau. Kh\u00f4ng ch\u1ec9 l\u00e0 th\u1eddi gian th\u01b0 gi\u00e3n sau c\u00f4ng vi\u1ec7c, \u0111\u00e2y c\u00f2n l\u00e0 d\u1ecbp \u0111\u1ec3 m\u1ecdi ng\u01b0\u1eddi tr\u00f2 chuy\u1ec7n, k\u1ebft n\u1ed1i, chia s\u1ebb c\u00e2u chuy\u1ec7n th\u01b0\u1eddng ng\u00e0y v\u00e0 t\u1ea1o n\u00ean s\u1ef1 g\u1eafn b\u00f3 trong t\u1eadp th\u1ec3. Hy v\u1ecdng t\u1eebng b\u1ee9c \u1ea3nh trong gallery s\u1ebd l\u01b0u gi\u1eef th\u1eadt nhi\u1ec1u k\u1ef7 ni\u1ec7m vui, tinh th\u1ea7n \u0111\u1ed3ng \u0111\u1ed9i v\u00e0 nh\u1eefng ph\u00fat gi\u00e2y tho\u1ea3i m\u00e1i c\u1ee7a team THG.<\/p>\n\n\n\n<div class=\"wp-block-buttons is-layout-flex wp-block-buttons-is-layout-flex\">\n<div class=\"wp-block-button\"><a class=\"wp-block-button__link wp-element-button\">Xem th\u00eam<\/a><\/div>\n<\/div>\n<\/div>\n<\/div>\n<\/div>\n\n\n\n<div class=\"wp-block-group is-nowrap is-layout-flex wp-container-core-group-is-layout-ad2f72ca wp-block-group-is-layout-flex\">\n<div class=\"wp-block-buttons is-layout-flex wp-block-buttons-is-layout-flex\"><\/div>\n<\/div>\n<\/div>\n<\/div>\n<\/div>\n<\/div><\/div>\n\n\n\n<div class=\"wp-block-group alignfull\" style=\"margin-top:0;margin-bottom:0\"><div class=\"wp-block-group__inner-container is-layout-constrained wp-block-group-is-layout-constrained\"><\/div><\/div>\n\n\n\n<div class=\"wp-block-group alignfull\" style=\"margin-top:0;margin-bottom:0;padding-top:var(--wp--preset--spacing--80);padding-bottom:var(--wp--preset--spacing--80)\"><div class=\"wp-block-group__inner-container is-layout-constrained wp-block-group-is-layout-constrained\">\n<div class=\"wp-block-group alignwide\"><div class=\"wp-block-group__inner-container is-layout-flow wp-block-group-is-layout-flow\">\n<p class=\"has-text-align-center is-style-text-display\" style=\"font-style:normal;font-weight:400\">Gia nh\u1eadp team THG? <br><a href=\"https:\/\/thgteam.com\/?cat=5\" rel=\"nofollow\">T\u00ecm hi\u1ec3u c\u00e1c v\u1ecb tr\u00ed \u0111ang tuy\u1ec3n.<\/a><\/p>\n<\/div><\/div>\n<\/div><\/div>\n","protected":false},"excerpt":{"rendered":"<p>Sinh nh\u1eadt th\u00e0nh vi\u00ean M\u1ed7i b\u1ee9c \u1ea3nh trong gallery n\u00e0y l\u00e0 m\u1ed9t kho\u1ea3nh kh\u1eafc nh\u1ecf nh\u01b0ng \u0111\u1ea7y \u00fd ngh\u0129a c\u1ee7a \u0111\u1ea1i gia \u0111\u00ecnh THG. \u0110\u00e2y kh\u00f4ng ch\u1ec9 l\u00e0 d\u1ecbp \u0111\u1ec3 c\u00f9ng nhau ch\u00fac m\u1eebng tu\u1ed5i m\u1edbi, m\u00e0 c\u00f2n l\u00e0 c\u01a1 h\u1ed9i \u0111\u1ec3 l\u01b0u gi\u1eef nh\u1eefng n\u1ee5 c\u01b0\u1eddi, s\u1ef1 g\u1eafn k\u1ebft v\u00e0 nh\u1eefng k\u1ef7 ni\u1ec7m \u0111\u1eb9p<span class=\"post-excerpt-end\">&hellip;<\/span><\/p>\n<p class=\"more-link\"><a href=\"https:\/\/thgteam.com\/?page_id=39\" class=\"themebutton\">Read More<\/a><\/p>\n","protected":false},"author":1,"featured_media":0,"parent":0,"menu_order":0,"comment_status":"closed","ping_status":"closed","template":"page-no-title","meta":{"footnotes":""},"class_list":["post-39","page","type-page","status-publish","hentry"],"_links":{"self":[{"href":"https:\/\/thgteam.com\/index.php?rest_route=\/wp\/v2\/pages\/39","targetHints":{"allow":["GET"]}}],"collection":[{"href":"https:\/\/thgteam.com\/index.php?rest_route=\/wp\/v2\/pages"}],"about":[{"href":"https:\/\/thgteam.com\/index.php?rest_route=\/wp\/v2\/types\/page"}],"author":[{"embeddable":true,"href":"https:\/\/thgteam.com\/index.php?rest_route=\/wp\/v2\/users\/1"}],"replies":[{"embeddable":true,"href":"https:\/\/thgteam.com\/index.php?rest_route=%2Fwp%2Fv2%2Fcomments&post=39"}],"version-history":[{"count":7,"href":"https:\/\/thgteam.com\/index.php?rest_route=\/wp\/v2\/pages\/39\/revisions"}],"predecessor-version":[{"id":104,"href":"https:\/\/thgteam.com\/index.php?rest_route=\/wp\/v2\/pages\/39\/revisions\/104"}],"wp:attachment":[{"href":"https:\/\/thgteam.com\/index.php?rest_route=%2Fwp%2Fv2%2Fmedia&parent=39"}],"curies":[{"name":"wp","href":"https:\/\/api.w.org\/{rel}","templated":true}]}}